{"id":335,"date":"2017-01-24T10:41:45","date_gmt":"2017-01-24T10:41:45","guid":{"rendered":"https:\/\/raratheme.com\/preview\/education-zone\/?page_id=335"},"modified":"2021-05-18T23:11:00","modified_gmt":"2021-05-18T23:11:00","slug":"contact-us","status":"publish","type":"page","link":"https:\/\/cacben.com\/index.php\/contact-us\/","title":{"rendered":"Contactez-nous"},"content":{"rendered":"\n\n\n<div class=\"wp-block-columns is-layout-flex wp-container-core-columns-is-layout-9d6595d7 wp-block-columns-is-layout-flex\">\n<div class=\"wp-block-column is-layout-flow wp-block-column-is-layout-flow\" style=\"flex-basis:33.33%\">\n<iframe loading=\"lazy\" src=\"https:\/\/www.google.com\/maps\/embed?pb=!1m18!1m12!1m3!1d3196.979277581735!2d2.9754188148882275!3d36.74706847995956!2m3!1f0!2f0!3f0!3m2!1i1024!2i768!4f13.1!3m3!1m2!1s0x128fb02b2c0b10d9%3A0x631b1ee8a562fcac!2sUnnamed+Road%2C+D%C3%A9ly+Ibrahim!5e0!3m2!1sfr!2sdz!4v1532979692701\" width=\"600\" height=\"450\" frameborder=\"0\" style=\"border:0\" allowfullscreen=\"\"><\/iframe>\n<\/div>\n\n\n\n<div class=\"wp-block-column is-layout-flow wp-block-column-is-layout-flow\" style=\"flex-basis:66.66%\">\n<h3 class=\"wp-block-heading\">Chef Cabinet\/ commissaire aux comptes BEN MAZOUZ Ahmed<\/h3>\n\n\n\n<p>Chef Cabinet, commissaire aux comptes &amp; comptable agr\u00e9\u00e9 depuis 2011, ayant une exp\u00e9rience de plus de dix ans, aussi, poss\u00e9dant un portefeuil client vari\u00e9s.<\/p>\n\n\n\n<p>&nbsp;T: 0552 307784\/0550919016<\/p>\n\n\n\n<p>&nbsp;E:&nbsp;<a href=\"mailto:cacben@gmail.com\">cacben@gmail.com<\/a><\/p>\n\n\n\n<p>&nbsp;H: Samedi &#8211; Jeudi: 9:00 AM \u00e0 5:00 PM<\/p>\n\n\n\n<h3 class=\"wp-block-heading\">chef de mission<\/h3>\n\n\n\n<p>chef de mission, exp\u00e9rience de plus de dix ans, ancien manager, dans une multinationale<\/p>\n\n\n\n<p>&nbsp;T: 0662669687<\/p>\n\n\n\n<p>&nbsp;E:&nbsp;<a href=\"mailto:bkconsult@outlook.fr\">bkconsult@outlook.fr<\/a><\/p>\n\n\n\n<p>&nbsp;H: Samedi &#8211; Jeudi: 9:00 AM \u00e0 5:00 PM<\/p>\n\n\n\n<h3 class=\"wp-block-heading\">auditeur junior \/ Larbes mouad<\/h3>\n\n\n\n<p>&nbsp;T: 0560157520<\/p>\n\n\n\n<p>&nbsp;E:&nbsp;<a href=\"mailto:cacben@gmail.com\">cacben@gmail.com<\/a><\/p>\n\n\n\n<p>&nbsp;H: Samedi &#8211; Jeudi: 9:00 AM \u00e0 5:00 PM<\/p>\n<\/div>\n<\/div>\n\n\n\n<h3 class=\"wp-block-heading\">Envoyez un message<\/h3>\n\n\n\n<div class=\"wp-block-contact-form-7-contact-form-selector\"><div role=\"form\" class=\"wpcf7\" id=\"wpcf7-f11-o1\" lang=\"fr-FR\" dir=\"ltr\">\n<div class=\"screen-reader-response\"><p role=\"status\" aria-live=\"polite\" aria-atomic=\"true\"><\/p> <ul><\/ul><\/div>\n<form action=\"\/index.php\/wp-json\/wp\/v2\/pages\/335#wpcf7-f11-o1\" method=\"post\" class=\"wpcf7-form init\" novalidate=\"novalidate\" data-status=\"init\">\n<div style=\"display: none;\">\n<input type=\"hidden\" name=\"_wpcf7\" value=\"11\" \/>\n<input type=\"hidden\" name=\"_wpcf7_version\" value=\"5.4.1\" \/>\n<input type=\"hidden\" name=\"_wpcf7_locale\" value=\"fr_FR\" \/>\n<input type=\"hidden\" name=\"_wpcf7_unit_tag\" value=\"wpcf7-f11-o1\" \/>\n<input type=\"hidden\" name=\"_wpcf7_container_post\" value=\"0\" \/>\n<input type=\"hidden\" name=\"_wpcf7_posted_data_hash\" value=\"\" \/>\n<\/div>\n<p><label>Nom<\/label><br \/>\n<span class=\"wpcf7-form-control-wrap nom\"><input type=\"text\" name=\"nom\" value=\"nom\" size=\"40\" class=\"wpcf7-form-control wpcf7-text wpcf7-validates-as-required\" aria-required=\"true\" aria-invalid=\"false\" \/><\/span><br \/>\n<label>Email<\/label><br \/>\n<span class=\"wpcf7-form-control-wrap Email\"><input type=\"email\" name=\"Email\" value=\"Email\" size=\"40\" class=\"wpcf7-form-control wpcf7-text wpcf7-email wpcf7-validates-as-required wpcf7-validates-as-email\" aria-required=\"true\" aria-invalid=\"false\" \/><\/span><br \/>\n<label>Tel<\/label><br \/>\n<span class=\"wpcf7-form-control-wrap Tel\"><input type=\"tel\" name=\"Tel\" value=\"Tel\" size=\"40\" class=\"wpcf7-form-control wpcf7-text wpcf7-tel wpcf7-validates-as-tel\" aria-invalid=\"false\" \/><\/span><br \/>\n<label>Sujet<\/label><br \/>\n<span class=\"wpcf7-form-control-wrap sujet\"><input type=\"text\" name=\"sujet\" value=\"sujet\" size=\"40\" class=\"wpcf7-form-control wpcf7-text wpcf7-validates-as-required\" aria-required=\"true\" aria-invalid=\"false\" \/><\/span><br \/>\n<label>Votre message<\/label><br \/>\n<span class=\"wpcf7-form-control-wrap Votremessage\"><textarea name=\"Votremessage\" cols=\"40\" rows=\"10\" class=\"wpcf7-form-control wpcf7-textarea wpcf7-validates-as-required\" aria-required=\"true\" aria-invalid=\"false\">Votre message<\/textarea><\/span><br \/>\n<input type=\"submit\" value=\"Envoyez\" class=\"wpcf7-form-control wpcf7-submit\" \/><\/p>\n<input type='hidden' class='wpcf7-pum' value='{\"closepopup\":false,\"closedelay\":0,\"openpopup\":false,\"openpopup_id\":0}' \/><div class=\"wpcf7-response-output\" aria-hidden=\"true\"><\/div><\/form><\/div><\/div>\n<div id=\"themify_builder_content-335\" data-postid=\"335\" class=\"themify_builder_content themify_builder_content-335 themify_builder\">\n    <\/div>\n<!-- \/themify_builder_content -->\n","protected":false},"excerpt":{"rendered":"<p>Chef Cabinet\/ commissaire aux comptes BEN MAZOUZ Ahmed Chef Cabinet, commissaire aux comptes &amp; comptable agr\u00e9\u00e9 depuis 2011, ayant une exp\u00e9rience de plus de dix ans, aussi, poss\u00e9dant un portefeuil client vari\u00e9s. &nbsp;T: 0552 307784\/0550919016 &nbsp;E:&nbsp;cacben@gmail.com &nbsp;H: Samedi &#8211; Jeudi: 9:00 AM \u00e0 5:00 PM chef de mission chef de mission, exp\u00e9rience de plus de [&hellip;]<\/p>\n","protected":false},"author":1,"featured_media":0,"parent":0,"menu_order":0,"comment_status":"closed","ping_status":"closed","template":"","meta":{"footnotes":""},"class_list":["post-335","page","type-page","status-publish","hentry","has-post-title","has-post-date","has-post-category","has-post-tag","has-post-comment","has-post-author",""],"builder_content":"","_links":{"self":[{"href":"https:\/\/cacben.com\/index.php\/wp-json\/wp\/v2\/pages\/335","targetHints":{"allow":["GET"]}}],"collection":[{"href":"https:\/\/cacben.com\/index.php\/wp-json\/wp\/v2\/pages"}],"about":[{"href":"https:\/\/cacben.com\/index.php\/wp-json\/wp\/v2\/types\/page"}],"author":[{"embeddable":true,"href":"https:\/\/cacben.com\/index.php\/wp-json\/wp\/v2\/users\/1"}],"replies":[{"embeddable":true,"href":"https:\/\/cacben.com\/index.php\/wp-json\/wp\/v2\/comments?post=335"}],"version-history":[{"count":6,"href":"https:\/\/cacben.com\/index.php\/wp-json\/wp\/v2\/pages\/335\/revisions"}],"predecessor-version":[{"id":567,"href":"https:\/\/cacben.com\/index.php\/wp-json\/wp\/v2\/pages\/335\/revisions\/567"}],"wp:attachment":[{"href":"https:\/\/cacben.com\/index.php\/wp-json\/wp\/v2\/media?parent=335"}],"curies":[{"name":"wp","href":"https:\/\/api.w.org\/{rel}","templated":true}]}}