{"id":551,"date":"2021-05-18T22:26:31","date_gmt":"2021-05-18T22:26:31","guid":{"rendered":"https:\/\/cacben.com\/?page_id=551"},"modified":"2021-05-18T22:30:28","modified_gmt":"2021-05-18T22:30:28","slug":"audit-legal","status":"publish","type":"page","link":"https:\/\/cacben.com\/index.php\/audit-legal\/","title":{"rendered":"Audit l\u00e9gal"},"content":{"rendered":"\n<p>correspond aux travaux de commissariat aux comptes, exig\u00e9s par la loi en vigueur, \u00e0 des fins, soitde certifier les comptes annuel, avec r\u00e9serves ou sans r\u00e9serves, ou rejet, ou certification.<\/p>\n<div id=\"themify_builder_content-551\" data-postid=\"551\" class=\"themify_builder_content themify_builder_content-551 themify_builder\">\n    <\/div>\n<!-- \/themify_builder_content -->\n","protected":false},"excerpt":{"rendered":"<p>correspond aux travaux de commissariat aux comptes, exig\u00e9s par la loi en vigueur, \u00e0 des fins, soitde certifier les comptes annuel, avec r\u00e9serves ou sans r\u00e9serves, ou rejet, ou certification.<\/p>\n","protected":false},"author":1,"featured_media":0,"parent":0,"menu_order":0,"comment_status":"closed","ping_status":"closed","template":"","meta":{"footnotes":""},"class_list":["post-551","page","type-page","status-publish","hentry","has-post-title","has-post-date","has-post-category","has-post-tag","has-post-comment","has-post-author",""],"builder_content":"","_links":{"self":[{"href":"https:\/\/cacben.com\/index.php\/wp-json\/wp\/v2\/pages\/551","targetHints":{"allow":["GET"]}}],"collection":[{"href":"https:\/\/cacben.com\/index.php\/wp-json\/wp\/v2\/pages"}],"about":[{"href":"https:\/\/cacben.com\/index.php\/wp-json\/wp\/v2\/types\/page"}],"author":[{"embeddable":true,"href":"https:\/\/cacben.com\/index.php\/wp-json\/wp\/v2\/users\/1"}],"replies":[{"embeddable":true,"href":"https:\/\/cacben.com\/index.php\/wp-json\/wp\/v2\/comments?post=551"}],"version-history":[{"count":1,"href":"https:\/\/cacben.com\/index.php\/wp-json\/wp\/v2\/pages\/551\/revisions"}],"predecessor-version":[{"id":552,"href":"https:\/\/cacben.com\/index.php\/wp-json\/wp\/v2\/pages\/551\/revisions\/552"}],"wp:attachment":[{"href":"https:\/\/cacben.com\/index.php\/wp-json\/wp\/v2\/media?parent=551"}],"curies":[{"name":"wp","href":"https:\/\/api.w.org\/{rel}","templated":true}]}}